{"id":89686,"date":"2023-05-09T21:46:58","date_gmt":"2023-05-09T21:46:58","guid":{"rendered":"https:\/\/sadoship.dodesignwip.com\/politica-de-privacidade\/"},"modified":"2023-05-15T15:20:31","modified_gmt":"2023-05-15T15:20:31","slug":"politica-de-privacidade","status":"publish","type":"page","link":"https:\/\/sadoship.pt\/pt-pt\/politica-de-privacidade\/","title":{"rendered":"Pol\u00edtica de Privacidade"},"content":{"rendered":"\t\t<div data-elementor-type=\"wp-page\" data-elementor-id=\"89686\" class=\"elementor elementor-89686 elementor-3\" data-elementor-post-type=\"page\">\n\t\t\t\t\t\t<section class=\"elementor-section elementor-top-section elementor-element elementor-element-50a6a8c2 elementor-section-boxed elementor-section-height-default elementor-section-height-default\" data-id=\"50a6a8c2\" data-element_type=\"section\">\n\t\t\t\t\t\t<div class=\"elementor-container elementor-column-gap-default\">\n\t\t\t\t\t<div class=\"elementor-column elementor-col-100 elementor-top-column elementor-element elementor-element-5a852e6d\" data-id=\"5a852e6d\" data-element_type=\"column\">\n\t\t\t<div class=\"elementor-widget-wrap elementor-element-populated\">\n\t\t\t\t\t\t<div class=\"elementor-element elementor-element-11f030bd elementor-widget elementor-widget-text-editor\" data-id=\"11f030bd\" data-element_type=\"widget\" data-widget_type=\"text-editor.default\">\n\t\t\t\t<div class=\"elementor-widget-container\">\n\t\t\t\t\t\t\t<p><strong>QUEM SOMOS?<\/strong><\/p>\n<p>A Sadoship Repair est\u00e1 empenhada em proteger os dados pessoais dos Clientes\/Utilizadores de produtos e servi\u00e7os e os dados pessoais dos respetivos titulares em todas as situa\u00e7\u00f5es em que os dados pessoais s\u00e3o tratados pela empresa e, neste \u00e2mbito, tem preparou esta Pol\u00edtica, que fundamenta o seu compromisso de respeitar as regras de prote\u00e7\u00e3o de dados pessoais.<\/p>\n<p><strong>PORQUE ESTA POL\u00cdTICA DE PROTE\u00c7\u00c3O DE DADOS PESSOAIS?<\/strong><\/p>\n<p>A presente Pol\u00edtica destina-se a informar os Clientes\/Utilizadores das regras gerais de tratamento de dados pessoais, os quais s\u00e3o recolhidos e tratados no estrito respeito e cumprimento do disposto na legisla\u00e7\u00e3o de prote\u00e7\u00e3o de dados pessoais em vigor em cada momento, nomeadamente o Regulamento (UE ) 2016\/679 do Parlamento Europeu e do Conselho, de 27 de abril de 2016 (\u201cRGPD\u201d).<\/p>\n<p>Sadoship Repair respeita as melhores pr\u00e1ticas no dom\u00ednio da seguran\u00e7a e prote\u00e7\u00e3o de dados pessoais, tendo tomado as medidas t\u00e9cnicas e organizativas necess\u00e1rias ao cumprimento do RGPD e assegurar que o tratamento de dados pessoais \u00e9 l\u00edcito, leal, transparente e limitado a fins autorizados.<\/p>\n<p>Sadoship Repair est\u00e1 empenhada na prote\u00e7\u00e3o e confidencialidade dos dados pessoais, tendo adotado as medidas que considera adequadas para assegurar a exatid\u00e3o, integridade e confidencialidade dos dados pessoais, bem como todos os demais direitos que assistem aos respetivos titulares. As regras previstas nesta Pol\u00edtica de Prote\u00e7\u00e3o de Dados complementam as disposi\u00e7\u00f5es relativas \u00e0 prote\u00e7\u00e3o e tratamento de dados pessoais, e as regras previstas nos termos e condi\u00e7\u00f5es que regulam a oferta dos diversos produtos e servi\u00e7os e que se encontram devidamente publicitados no nosso website.<\/p>\n<p><strong>O QUE ESTA POL\u00cdTICA DE PROTE\u00c7\u00c3O DE DADOS COBRE?<\/strong><\/p>\n<p>A presente Pol\u00edtica de Prote\u00e7\u00e3o de Dados aplica-se exclusivamente \u00e0 recolha e tratamento de dados pessoais cujo tratamento \u00e9 da responsabilidade da GO, 3D Edition Modeling &amp; Reverse Engineering, no \u00e2mbito dos servi\u00e7os e produtos disponibilizados aos seus Clientes\/Utilizadores e em todas as situa\u00e7\u00f5es em que ocorre o processamento de dados pessoais pela GO, 3D Edition Modeling &amp; Reverse Engineering.<\/p>\n<p><strong>O QUE S\u00c3O DADOS PESSOAIS?<\/strong><\/p>\n<p>Dados pessoais s\u00e3o quaisquer informa\u00e7\u00f5es, de qualquer natureza e independentemente do seu suporte, incluindo som e imagem, relativas a uma pessoa singular identificada ou identific\u00e1vel. Pessoa singular que possa ser identificada, direta ou indiretamente, nomeadamente por refer\u00eancia a um nome, n\u00famero de identifica\u00e7\u00e3o, dados de localiza\u00e7\u00e3o, identificadores por via eletr\u00f3nica ou a um ou mais elementos espec\u00edficos da sua natureza f\u00edsica, fisiol\u00f3gica, gen\u00e9tica, mental, econ\u00f3mica, cultural ou social.<\/p>\n<p><strong>EM QUE CONSISTE O TRATAMENTO DE DADOS PESSOAIS?<\/strong><\/p>\n<p>O tratamento de dados pessoais consiste numa opera\u00e7\u00e3o ou conjunto de opera\u00e7\u00f5es realizadas sobre dados pessoais ou conjuntos de dados pessoais, por meios automatizados ou n\u00e3o, nomeadamente a recolha, registo, organiza\u00e7\u00e3o, estrutura\u00e7\u00e3o, conserva\u00e7\u00e3o, adapta\u00e7\u00e3o, recupera\u00e7\u00e3o, consulta, utiliza\u00e7\u00e3o, dissemina\u00e7\u00e3o, difus\u00e3o, compara\u00e7\u00e3o, interconex\u00e3o, limita\u00e7\u00e3o, apagamento ou destrui\u00e7\u00e3o.<\/p>\n<p><strong>QUEM \u00c9 RESPONS\u00c1VEL PELO TRATAMENTO DE DADOS?<\/strong><\/p>\n<p>A entidade respons\u00e1vel pelo tratamento dos dados pessoais \u00e9 a Sadoship Repair, que determina as finalidades e meios de tratamento dos mesmos. Para o efeito, caso o titular dos dados pessoais necessite de contactar o respons\u00e1vel pelo tratamento de dados, poder\u00e1 faz\u00ea-lo atrav\u00e9s dos meios e contactos abaixo indicados: Via e-mail: geral@sadoship.com.pt<\/p>\n<p><strong>QUEM \u00c9 RESPONS\u00c1VEL PELA PROTE\u00c7\u00c3O DE DADOS?<\/strong><\/p>\n<p>O respons\u00e1vel pela prote\u00e7\u00e3o de dados desempenha um papel relevante no tratamento dos dados pessoais, assegurando, entre outros aspetos, a conformidade do tratamento de dados com a legisla\u00e7\u00e3o em vigor, verificando o cumprimento da presente Pol\u00edtica de Prote\u00e7\u00e3o de Dados e definindo regras de procedimento claras. tratamento de dados pessoais, assegurando que todos aqueles que lhe confiam o tratamento dos seus dados pessoais t\u00eam conhecimento de como a Sadoship Repair os trata e que direitos t\u00eam nesta mat\u00e9ria. Assim, os titulares de dados pessoais, caso o pretendam, podem dirigir uma comunica\u00e7\u00e3o ao Encarregado da Prote\u00e7\u00e3o de Dados, sobre assuntos relacionados com o tratamento de dados pessoais, utilizando, para o efeito, o seguinte contacto:<\/p>\n<p>Email: geral@sadoship.com.pt<\/p>\n<p><strong>QUE TIPOS DE DADOS PESSOAIS S\u00c3O TRATADOS?<\/strong><\/p>\n<p>A Sadoship Repair no \u00e2mbito das atividades que desenvolve, procede ao tratamento dos dados pessoais necess\u00e1rios \u00e0 presta\u00e7\u00e3o de servi\u00e7os, procedendo ao tratamento de dados como o nome, morada, n\u00famero de telefone e endere\u00e7o de correio eletr\u00f3nico, conforme informa\u00e7\u00e3o mais detalhada prestada aos titulares de dados pessoais. Sem preju\u00edzo do cumprimento das normas legais relativas \u00e0 conserva\u00e7\u00e3o e transmiss\u00e3o de dados para efeitos de investiga\u00e7\u00e3o, dete\u00e7\u00e3o, repress\u00e3o de crimes graves, bem como de outros tratamentos a que legalmente esteja obrigado, dados de tr\u00e1fego, localiza\u00e7\u00e3o geogr\u00e1fica, perfil e\/ou consumos dos Clientes\/Utilizadores ser\u00e3o tratados pela Sodoship Repair, na medida em que sejam necess\u00e1rios \u00e0 respetiva presta\u00e7\u00e3o dos servi\u00e7os. Desta forma, com base na localiza\u00e7\u00e3o, perfil e\/ou consumo, o Cliente\/Utilizador ter\u00e1 acesso, nomeadamente, a funcionalidades espec\u00edficas dos servi\u00e7os, sugest\u00f5es de conte\u00fados e servi\u00e7os de informa\u00e7\u00e3o de proximidade. As informa\u00e7\u00f5es de localiza\u00e7\u00e3o tamb\u00e9m podem ser gravadas e transmitidas a organiza\u00e7\u00f5es com autoridade legal para receber chamadas de emerg\u00eancia com a finalidade de responder a chamadas recebidas. Os dados pessoais, de tr\u00e1fego, localiza\u00e7\u00e3o geogr\u00e1fica, perfil e\/ou consumo s\u00e3o tamb\u00e9m tratados para efeitos de marketing ou divulga\u00e7\u00e3o de ofertas de bens ou servi\u00e7os da Sadoship Repair, caso o respetivo titular o tenha autorizado. Havendo consentimento pr\u00e9vio do Cliente\/Utilizador, este poder\u00e1 ser retirado a qualquer momento, sem, no entanto, comprometer a licitude do tratamento efetuado com base no consentimento previamente dado.<\/p>\n<p><strong>QUANDO E COMO RECOLHEMOS OS SEUS DADOS PESSOAIS?<\/strong><\/p>\n<p>A Sadoship Repair recolhe os seus dados pessoais, atrav\u00e9s do seu website e atrav\u00e9s dos formul\u00e1rios de contacto, garantindo, sempre que necess\u00e1rio, o consentimento pr\u00e9vio do titular dos dados pessoais. Os dados pessoais recolhidos podem ser tratados por via eletr\u00f3nica e de forma automatizada ou n\u00e3o automatizada, garantindo-se em todos os casos o estrito cumprimento da legisla\u00e7\u00e3o de prote\u00e7\u00e3o de dados pessoais, sendo armazenados em bases de dados espec\u00edficas criadas para o efeito e, em caso algum, o os dados recolhidos ser\u00e3o utilizados para finalidade diversa daquela para a qual foram recolhidos ou dado o consentimento do titular dos dados.<\/p>\n<p><strong>QUAIS S\u00c3O AS FINALIDADES DO TRATAMENTO DE DADOS PESSOAIS E SEUS FUNDAMENTOS LEGAIS?<\/strong><\/p>\n<p>Em geral, os dados pessoais recolhidos t\u00eam por base e destinam-se \u00e0 divulga\u00e7\u00e3o de informa\u00e7\u00e3o institucional da Sadoship Repair e\/ou dar a conhecer campanhas, promo\u00e7\u00f5es, publicidade e novidades sobre os produtos Sadoship Repair e \/ou servi\u00e7os e para a realiza\u00e7\u00e3o de estudos de mercado ou pesquisas de avalia\u00e7\u00e3o.<\/p>\n<p><strong>POR QUANTO TEMPO CONSERVAMOS OS SEUS DADOS PESSOAIS?<\/strong><\/p>\n<p>O per\u00edodo de tempo durante o qual os dados pessoais s\u00e3o armazenados e conservados varia de acordo com a finalidade para a qual a informa\u00e7\u00e3o \u00e9 tratada. Efetivamente, existem requisitos legais que o obrigam a conservar os dados por um per\u00edodo m\u00ednimo de tempo. Assim, e sempre que n\u00e3o exista exig\u00eancia legal espec\u00edfica, os dados ser\u00e3o armazenados e conservados apenas durante o per\u00edodo m\u00ednimo necess\u00e1rio \u00e0 prossecu\u00e7\u00e3o das finalidades que motivaram a sua recolha ou posterior tratamento, nos termos definidos na lei.<\/p>\n<p><strong>QUAIS S\u00c3O OS SEUS DIREITOS COMO PROPRIET\u00c1RIO?<\/strong><\/p>\n<p>Enquanto titulares dos dados pessoais, \u00e9 garantido aos Clientes\/Utilizadores, a qualquer momento, o direito de acesso, retifica\u00e7\u00e3o, atualiza\u00e7\u00e3o, limita\u00e7\u00e3o e apagamento dos seus dados pessoais, o direito de oposi\u00e7\u00e3o \u00e0 sua utiliza\u00e7\u00e3o para fins comerciais pela Sadoship Repair e a retirada do consentimento, sem preju\u00edzo da licitude do tratamento efetuado ao abrigo desse consentimento, bem como o direito \u00e0 portabilidade dos dados.<\/p>\n<p><strong>COMO VOC\u00ca PODE ACESSAR, RETIFICAR, ATUALIZAR, LIMITAR, EXCLUIR, OPOSI\u00c7\u00c3O AO TRATAMENTO DOS SEUS DADOS PESSOAIS OU RETIRAR O CONSENTIMENTO?<\/strong><\/p>\n<p>Sem preju\u00edzo do disposto no RGPD, o titular dos dados pessoais poder\u00e1 faz\u00ea-lo, diretamente ou mediante pedido escrito, dirigido ao respetivo Respons\u00e1vel pelo tratamento, atrav\u00e9s dos contactos disponibilizados para o efeito neste documento, conforme bem como outros contactos disponibilizados pela Sadoship Repair.<\/p>\n<p><strong>COMO PODE OPOR-SE A RECEBER CONTACTOS PARA FINS DE MARKETING?<\/strong><\/p>\n<p>Sadoship Repair pode promover a\u00e7\u00f5es de divulga\u00e7\u00e3o de novos produtos ou servi\u00e7os junto dos seus Clientes\/Utilizadores, nomeadamente atrav\u00e9s de telefone, email, SMS, MMS ou qualquer outro servi\u00e7o de comunica\u00e7\u00f5es eletr\u00f3nicas, caso o titular dos dados pessoais tenha dado o consentimento correspondente. Caso o titular dos dados pessoais n\u00e3o pretenda continuar a receber estas comunica\u00e7\u00f5es, poder\u00e1, a qualquer momento, retirar o seu consentimento \u00e0 utiliza\u00e7\u00e3o dos seus dados para efeitos de marketing.<\/p>\n<p><strong>COMO PODE RECLAMAR?<\/strong><\/p>\n<p>Sem preju\u00edzo de poder apresentar reclama\u00e7\u00f5es diretamente \u00e0 Sadoship Repair, atrav\u00e9s dos contactos disponibilizados para o efeito, o Cliente\/Utilizador pode reclamar diretamente \u00e0 Autoridade de Controlo, que \u00e9 a Comiss\u00e3o Nacional de Prote\u00e7\u00e3o de Dados (CNPD). ), utilizando para o efeito os contactos disponibilizados por esta entidade.<\/p>\n<p><strong>QUAIS AS MEDIDAS TOMADAS PELA SADOSHIP REPAIR PARA GARANTIR A SEGURAN\u00c7A DOS SEUS DADOS PESSOAIS?<\/strong><\/p>\n<p>Sadoship Repair est\u00e1 empenhada em garantir a prote\u00e7\u00e3o da seguran\u00e7a dos dados pessoais que lhe s\u00e3o disponibilizados, tendo aprovado e implementado regras rigorosas nesta mat\u00e9ria. O cumprimento destas regras \u00e9 uma obriga\u00e7\u00e3o de todos aqueles que legalmente as acedam. Tendo presente a preocupa\u00e7\u00e3o e empenho que a Sadoship Repair revela na defesa dos dados pessoais, foram adotadas diversas medidas de seguran\u00e7a, de natureza t\u00e9cnica e organizativa, de forma a proteger os dados pessoais que lhe s\u00e3o disponibilizados contra sua divulga\u00e7\u00e3o, perda, uso indevido, altera\u00e7\u00e3o, tratamento ou acesso n\u00e3o autorizado, bem como contra qualquer outra forma de tratamento il\u00edcito. Neste sentido, no website da Sadoship Repair, os formul\u00e1rios de recolha de dados pessoais requerem sess\u00f5es de browser encriptadas e todos os dados pessoais fornecidos s\u00e3o armazenados de forma segura nos sistemas da Sadoship Repair, que, por sua vez, encontram-se num servidor da PTISP, ao abrigo de todas as medidas de seguran\u00e7a f\u00edsica e l\u00f3gica indispens\u00e1veis \u00e0 prote\u00e7\u00e3o dos dados pessoais. N\u00e3o obstante as medidas de seguran\u00e7a adotadas pelo Sadoship Repair, a Sadoship Repair alerta todos os que navegam na Internet para que adotem medidas de seguran\u00e7a adicionais, nomeadamente, garantir que utilizam um PC e um Browser atualizados em termos de \u201cpatches\u201d. \u201d devidamente configurados, com firewall, antiv\u00edrus e anti-spyware ativos e que certifiquem a autenticidade dos sites que visitam na internet, devendo evitar sites em cuja reputa\u00e7\u00e3o n\u00e3o confiem.<\/p>\n<p><strong>COMO USAMOS \u201cCOOKIES\u201d?<\/strong><\/p>\n<p>\u201cCookies\u201d s\u00e3o pequenas etiquetas de software que s\u00e3o armazenadas no computador atrav\u00e9s do navegador (browser), retendo apenas informa\u00e7\u00e3o relativa a prefer\u00eancias, n\u00e3o incluindo, como tal, dados pessoais.<\/p>\n<p><strong>COMO PODE SABER SOBRE ALTERA\u00c7\u00d5ES NA POL\u00cdTICA DE PROTE\u00c7\u00c3O DE DADOS PESSOAIS SADOSHIP REPAIR?<\/strong><\/p>\n<p>A Sadoship Repair reserva-se o direito de, a qualquer momento, proceder a reajustamentos ou altera\u00e7\u00f5es \u00e0 presente Pol\u00edtica de Prote\u00e7\u00e3o de Dados Pessoais, sendo essas altera\u00e7\u00f5es devidamente publicitadas nos diversos canais de comunica\u00e7\u00e3o da Sadoship Repair.<\/p>\t\t\t\t\t\t<\/div>\n\t\t\t\t<\/div>\n\t\t\t\t\t<\/div>\n\t\t<\/div>\n\t\t\t\t\t<\/div>\n\t\t<\/section>\n\t\t\t\t<\/div>\n\t\t","protected":false},"excerpt":{"rendered":"<p>QUEM SOMOS? A Sadoship Repair est\u00e1 empenhada em proteger os dados pessoais dos Clientes\/Utilizadores de produtos e servi\u00e7os e os dados pessoais dos respetivos titulares em todas as situa\u00e7\u00f5es em que os dados pessoais s\u00e3o tratados pela empresa e, neste \u00e2mbito, tem preparou esta Pol\u00edtica, que fundamenta o seu compromisso de respeitar as regras de&hellip;<\/p>\n","protected":false},"author":1,"featured_media":0,"parent":0,"menu_order":0,"comment_status":"closed","ping_status":"open","template":"","meta":{"footnotes":""},"class_list":["post-89686","page","type-page","status-publish","hentry"],"_links":{"self":[{"href":"https:\/\/sadoship.pt\/pt-pt\/wp-json\/wp\/v2\/pages\/89686","targetHints":{"allow":["GET"]}}],"collection":[{"href":"https:\/\/sadoship.pt\/pt-pt\/wp-json\/wp\/v2\/pages"}],"about":[{"href":"https:\/\/sadoship.pt\/pt-pt\/wp-json\/wp\/v2\/types\/page"}],"author":[{"embeddable":true,"href":"https:\/\/sadoship.pt\/pt-pt\/wp-json\/wp\/v2\/users\/1"}],"replies":[{"embeddable":true,"href":"https:\/\/sadoship.pt\/pt-pt\/wp-json\/wp\/v2\/comments?post=89686"}],"version-history":[{"count":1,"href":"https:\/\/sadoship.pt\/pt-pt\/wp-json\/wp\/v2\/pages\/89686\/revisions"}],"predecessor-version":[{"id":89687,"href":"https:\/\/sadoship.pt\/pt-pt\/wp-json\/wp\/v2\/pages\/89686\/revisions\/89687"}],"wp:attachment":[{"href":"https:\/\/sadoship.pt\/pt-pt\/wp-json\/wp\/v2\/media?parent=89686"}],"curies":[{"name":"wp","href":"https:\/\/api.w.org\/{rel}","templated":true}]}}