{"id":89758,"date":"2023-05-15T13:32:22","date_gmt":"2023-05-15T13:32:22","guid":{"rendered":"https:\/\/sadoship.dodesignwip.com\/politica-de-qualidade\/"},"modified":"2023-05-23T21:47:50","modified_gmt":"2023-05-23T21:47:50","slug":"politica-de-qualidade","status":"publish","type":"page","link":"https:\/\/sadoship.pt\/pt-pt\/politica-de-qualidade\/","title":{"rendered":"Pol\u00edtica de Qualidade"},"content":{"rendered":"\t\t<div data-elementor-type=\"wp-page\" data-elementor-id=\"89758\" class=\"elementor elementor-89758 elementor-89171\" data-elementor-post-type=\"page\">\n\t\t\t\t\t\t<section class=\"elementor-section elementor-top-section elementor-element elementor-element-91a4e3e elementor-reverse-tablet elementor-reverse-mobile elementor-section-height-min-height elementor-section-items-stretch elementor-section-boxed elementor-section-height-default\" data-id=\"91a4e3e\" data-element_type=\"section\" data-settings=\"{&quot;background_background&quot;:&quot;gradient&quot;}\">\n\t\t\t\t\t\t\t<div class=\"elementor-background-overlay\"><\/div>\n\t\t\t\t\t\t\t<div class=\"elementor-container elementor-column-gap-wider\">\n\t\t\t\t\t<div class=\"elementor-column elementor-col-100 elementor-top-column elementor-element elementor-element-48dfbdd\" data-id=\"48dfbdd\" data-element_type=\"column\">\n\t\t\t<div class=\"elementor-widget-wrap elementor-element-populated\">\n\t\t\t\t\t\t<div class=\"elementor-element elementor-element-a3f1a17 elementor-widget elementor-widget-heading\" data-id=\"a3f1a17\" data-element_type=\"widget\" data-widget_type=\"heading.default\">\n\t\t\t\t<div class=\"elementor-widget-container\">\n\t\t\t<h3 class=\"elementor-heading-title elementor-size-default\">Pol\u00edtica de Qualidade<\/h3>\t\t<\/div>\n\t\t\t\t<\/div>\n\t\t\t\t<div class=\"elementor-element elementor-element-5e8042a elementor-widget elementor-widget-spacer\" data-id=\"5e8042a\" data-element_type=\"widget\" data-widget_type=\"spacer.default\">\n\t\t\t\t<div class=\"elementor-widget-container\">\n\t\t\t\t\t<div class=\"elementor-spacer\">\n\t\t\t<div class=\"elementor-spacer-inner\"><\/div>\n\t\t<\/div>\n\t\t\t\t<\/div>\n\t\t\t\t<\/div>\n\t\t\t\t<div class=\"elementor-element elementor-element-44900d3 elementor-widget elementor-widget-heading\" data-id=\"44900d3\" data-element_type=\"widget\" data-widget_type=\"heading.default\">\n\t\t\t\t<div class=\"elementor-widget-container\">\n\t\t\t<h2 class=\"elementor-heading-title elementor-size-default\">MELHORAR O SERVI\u00c7O<\/h2>\t\t<\/div>\n\t\t\t\t<\/div>\n\t\t\t\t\t<\/div>\n\t\t<\/div>\n\t\t\t\t\t<\/div>\n\t\t<\/section>\n\t\t\t\t<section class=\"elementor-section elementor-top-section elementor-element elementor-element-0d54fbe elementor-section-boxed elementor-section-height-default elementor-section-height-default\" data-id=\"0d54fbe\" data-element_type=\"section\" data-settings=\"{&quot;background_background&quot;:&quot;classic&quot;}\">\n\t\t\t\t\t\t<div class=\"elementor-container elementor-column-gap-wider\">\n\t\t\t\t\t<div class=\"elementor-column elementor-col-100 elementor-top-column elementor-element elementor-element-9c043d9\" data-id=\"9c043d9\" data-element_type=\"column\">\n\t\t\t<div class=\"elementor-widget-wrap elementor-element-populated\">\n\t\t\t\t\t\t<div class=\"elementor-element elementor-element-fc36e89 elementor-widget elementor-widget-image\" data-id=\"fc36e89\" data-element_type=\"widget\" data-widget_type=\"image.default\">\n\t\t\t\t<div class=\"elementor-widget-container\">\n\t\t\t\t\t\t\t\t\t\t\t\t\t<img decoding=\"async\" width=\"150\" height=\"39\" src=\"https:\/\/sadoship.pt\/wp-content\/uploads\/2022\/12\/sadoship-new-c_150.png\" class=\"attachment-full size-full wp-image-89787\" alt=\"\" \/>\t\t\t\t\t\t\t\t\t\t\t\t\t<\/div>\n\t\t\t\t<\/div>\n\t\t\t\t<div class=\"elementor-element elementor-element-8e01170 elementor-widget elementor-widget-spacer\" data-id=\"8e01170\" data-element_type=\"widget\" data-widget_type=\"spacer.default\">\n\t\t\t\t<div class=\"elementor-widget-container\">\n\t\t\t\t\t<div class=\"elementor-spacer\">\n\t\t\t<div class=\"elementor-spacer-inner\"><\/div>\n\t\t<\/div>\n\t\t\t\t<\/div>\n\t\t\t\t<\/div>\n\t\t\t\t<div class=\"elementor-element elementor-element-5781297 elementor-widget elementor-widget-text-editor\" data-id=\"5781297\" data-element_type=\"widget\" data-widget_type=\"text-editor.default\">\n\t\t\t\t<div class=\"elementor-widget-container\">\n\t\t\t\t\t\t\t<p>A empresa acredita que o mercado espera um atendimento cada vez melhor. Procuramos continuamente melhorar a qualidade do servi\u00e7o prestado aos seus clientes e est\u00e1 ciente que o sucesso da sua actividade depender\u00e1 de uma gest\u00e3o adequada, a qual considera como fundamental a an\u00e1lise dos ambientes externo e interno. <\/p>\n<p>A empresa pretende atingir o exposto atrav\u00e9s da implementa\u00e7\u00e3o de um sistema de gest\u00e3o que cumpre a norma internacional de boas pr\u00e1ticas NP ISO 9001:2015. Tamb\u00e9m inclui o compromisso de atender aos requisitos de nossos clientes, aprender com o feedback dos clientes, bem como os requisitos legais e regulamentares. Al\u00e9m disso, para o desenvolvimento cont\u00ednuo do sistema e ajudando a garantir que ele permane\u00e7a eficaz.<\/p>\n<p>Somente fornecendo um servi\u00e7o excepcional e qualidade de produto alcan\u00e7aremos nossos objetivos de sucesso a longo prazo e melhorias sustentadas.<\/p>\n<p>Todo o pessoal afecto \u00e0 empresa \u00e9 respons\u00e1vel pela qualidade do seu trabalho. A empresa oferece forma\u00e7\u00e3o e estabeleceu sistemas para auxiliar todo o pessoal a atingir os padr\u00f5es exigidos. Embora nos esforcemos para produzir um trabalho e oferecer um servi\u00e7o do qual possamos nos orgulhar, temos que reconhecer que nem sempre atingimos nossos padr\u00f5es. Quando um cliente reclama, estamos empenhados em investigar a reclama\u00e7\u00e3o e faremos o nosso melhor para corrigir todas as reclama\u00e7\u00f5es justificadas.<\/p>\n<p>O nosso Sistema de Gest\u00e3o da Qualidade descreve a pol\u00edtica, organiza\u00e7\u00e3o e procedimentos necess\u00e1rios para atingir os padr\u00f5es exigidos.<br \/>O Gerente de Qualidade \u00e9 respons\u00e1vel por monitorar o sistema de qualidade e relatar regularmente ao Diretor Geral sobre a implementa\u00e7\u00e3o, status e efic\u00e1cia do sistema.<\/p>\n\t\t\t\t\t\t<\/div>\n\t\t\t\t<\/div>\n\t\t\t\t<div class=\"elementor-element elementor-element-bb439ff elementor-widget elementor-widget-spacer\" data-id=\"bb439ff\" data-element_type=\"widget\" data-widget_type=\"spacer.default\">\n\t\t\t\t<div class=\"elementor-widget-container\">\n\t\t\t\t\t<div class=\"elementor-spacer\">\n\t\t\t<div class=\"elementor-spacer-inner\"><\/div>\n\t\t<\/div>\n\t\t\t\t<\/div>\n\t\t\t\t<\/div>\n\t\t\t\t\t<\/div>\n\t\t<\/div>\n\t\t\t\t\t<\/div>\n\t\t<\/section>\n\t\t\t\t<\/div>\n\t\t","protected":false},"excerpt":{"rendered":"<p>Pol\u00edtica de Qualidade MELHORAR O SERVI\u00c7O A empresa acredita que o mercado espera um atendimento cada vez melhor. Procuramos continuamente melhorar a qualidade do servi\u00e7o prestado aos seus clientes e est\u00e1 ciente que o sucesso da sua actividade depender\u00e1 de uma gest\u00e3o adequada, a qual considera como fundamental a an\u00e1lise dos ambientes externo e interno.&hellip;<\/p>\n","protected":false},"author":1,"featured_media":0,"parent":0,"menu_order":225,"comment_status":"closed","ping_status":"closed","template":"elementor_header_footer","meta":{"footnotes":""},"class_list":["post-89758","page","type-page","status-publish","hentry"],"_links":{"self":[{"href":"https:\/\/sadoship.pt\/pt-pt\/wp-json\/wp\/v2\/pages\/89758","targetHints":{"allow":["GET"]}}],"collection":[{"href":"https:\/\/sadoship.pt\/pt-pt\/wp-json\/wp\/v2\/pages"}],"about":[{"href":"https:\/\/sadoship.pt\/pt-pt\/wp-json\/wp\/v2\/types\/page"}],"author":[{"embeddable":true,"href":"https:\/\/sadoship.pt\/pt-pt\/wp-json\/wp\/v2\/users\/1"}],"replies":[{"embeddable":true,"href":"https:\/\/sadoship.pt\/pt-pt\/wp-json\/wp\/v2\/comments?post=89758"}],"version-history":[{"count":4,"href":"https:\/\/sadoship.pt\/pt-pt\/wp-json\/wp\/v2\/pages\/89758\/revisions"}],"predecessor-version":[{"id":89957,"href":"https:\/\/sadoship.pt\/pt-pt\/wp-json\/wp\/v2\/pages\/89758\/revisions\/89957"}],"wp:attachment":[{"href":"https:\/\/sadoship.pt\/pt-pt\/wp-json\/wp\/v2\/media?parent=89758"}],"curies":[{"name":"wp","href":"https:\/\/api.w.org\/{rel}","templated":true}]}}